{"id":887,"date":"2020-01-02T16:10:00","date_gmt":"2020-01-02T15:10:00","guid":{"rendered":"http:\/\/www.fh-technik.ch\/?page_id=887"},"modified":"2020-01-02T19:47:42","modified_gmt":"2020-01-02T18:47:42","slug":"links","status":"publish","type":"page","link":"https:\/\/www.fh-technik.ch\/?page_id=887","title":{"rendered":"Links"},"content":{"rendered":"\n<h1 class=\"has-text-color wp-block-heading\" style=\"color:#1b029e\"><a href=\"https:\/\/www.bsvonline.ch\/de\/vorschriften\/\" target=\"_blank\" rel=\"noreferrer noopener\" aria-label=\"Brandschutzvorschriften (\u00f6ffnet in neuem Tab)\">Brandschutzvorschriften<\/a><\/h1>\n\n\n\n<p>Aktuelle VKF Branschutznormen. Wir bieten auch Brandschutzplanung f\u00fcr die QSS2 Stufe an.<\/p>\n\n\n\n<figure class=\"wp-block-gallery aligncenter columns-3 wp-block-gallery-1 is-layout-flex wp-block-gallery-is-layout-flex\"><ul class=\"blocks-gallery-grid\"><li class=\"blocks-gallery-item\"><figure><img loading=\"lazy\" decoding=\"async\" width=\"650\" height=\"201\" src=\"http:\/\/www.fh-technik.ch\/wp-content\/uploads\/2020\/01\/SVTI.jpg\" alt=\"\" data-id=\"952\" data-full-url=\"http:\/\/www.fh-technik.ch\/wp-content\/uploads\/2020\/01\/SVTI.jpg\" data-link=\"http:\/\/www.fh-technik.ch\/?attachment_id=952\" class=\"wp-image-952\" srcset=\"https:\/\/www.fh-technik.ch\/wp-content\/uploads\/2020\/01\/SVTI.jpg 650w, https:\/\/www.fh-technik.ch\/wp-content\/uploads\/2020\/01\/SVTI-300x93.jpg 300w\" sizes=\"auto, (max-width: 650px) 100vw, 650px\" \/><\/figure><\/li><li class=\"blocks-gallery-item\"><figure><img loading=\"lazy\" decoding=\"async\" width=\"414\" height=\"222\" src=\"http:\/\/www.fh-technik.ch\/wp-content\/uploads\/2020\/01\/SwissSafetyCenter.jpg\" alt=\"\" data-id=\"953\" data-full-url=\"http:\/\/www.fh-technik.ch\/wp-content\/uploads\/2020\/01\/SwissSafetyCenter.jpg\" data-link=\"http:\/\/www.fh-technik.ch\/?attachment_id=953\" class=\"wp-image-953\" srcset=\"https:\/\/www.fh-technik.ch\/wp-content\/uploads\/2020\/01\/SwissSafetyCenter.jpg 414w, https:\/\/www.fh-technik.ch\/wp-content\/uploads\/2020\/01\/SwissSafetyCenter-300x161.jpg 300w\" sizes=\"auto, (max-width: 414px) 100vw, 414px\" \/><\/figure><\/li><li class=\"blocks-gallery-item\"><figure><img loading=\"lazy\" decoding=\"async\" width=\"627\" height=\"271\" src=\"http:\/\/www.fh-technik.ch\/wp-content\/uploads\/2020\/01\/VKF.png\" alt=\"\" data-id=\"914\" data-full-url=\"http:\/\/www.fh-technik.ch\/wp-content\/uploads\/2020\/01\/VKF.png\" data-link=\"http:\/\/www.fh-technik.ch\/?attachment_id=914\" class=\"wp-image-914\" srcset=\"https:\/\/www.fh-technik.ch\/wp-content\/uploads\/2020\/01\/VKF.png 627w, https:\/\/www.fh-technik.ch\/wp-content\/uploads\/2020\/01\/VKF-300x130.png 300w\" sizes=\"auto, (max-width: 627px) 100vw, 627px\" \/><\/figure><\/li><\/ul><\/figure>\n\n\n\n<h1 class=\"wp-block-heading\"><a href=\"http:\/\/mep.trimble.ch\/\" target=\"_blank\" rel=\"noreferrer noopener\" aria-label=\"Trimble-Nova-CAD (\u00f6ffnet in neuem Tab)\">Trimble-Nova-CAD<\/a><\/h1>\n\n\n\n<p>3D Zeichnungs-Software f\u00fcr die Haustechnikplanung<\/p>\n\n\n\n<figure class=\"wp-block-gallery columns-3 is-cropped wp-block-gallery-2 is-layout-flex wp-block-gallery-is-layout-flex\"><ul class=\"blocks-gallery-grid\"><li class=\"blocks-gallery-item\"><figure><img loading=\"lazy\" decoding=\"async\" width=\"711\" height=\"396\" src=\"http:\/\/www.fh-technik.ch\/wp-content\/uploads\/2020\/01\/Nova1.jpg\" alt=\"\" data-id=\"899\" data-full-url=\"http:\/\/www.fh-technik.ch\/wp-content\/uploads\/2020\/01\/Nova1.jpg\" data-link=\"http:\/\/www.fh-technik.ch\/?attachment_id=899\" class=\"wp-image-899\" srcset=\"https:\/\/www.fh-technik.ch\/wp-content\/uploads\/2020\/01\/Nova1.jpg 711w, https:\/\/www.fh-technik.ch\/wp-content\/uploads\/2020\/01\/Nova1-300x167.jpg 300w\" sizes=\"auto, (max-width: 711px) 100vw, 711px\" \/><\/figure><\/li><li class=\"blocks-gallery-item\"><figure><img loading=\"lazy\" decoding=\"async\" width=\"1024\" height=\"585\" src=\"http:\/\/www.fh-technik.ch\/wp-content\/uploads\/2020\/01\/Nova3-1024x585.jpg\" alt=\"\" data-id=\"898\" data-full-url=\"http:\/\/www.fh-technik.ch\/wp-content\/uploads\/2020\/01\/Nova3.jpg\" data-link=\"http:\/\/www.fh-technik.ch\/?attachment_id=898\" class=\"wp-image-898\" srcset=\"https:\/\/www.fh-technik.ch\/wp-content\/uploads\/2020\/01\/Nova3-1024x585.jpg 1024w, https:\/\/www.fh-technik.ch\/wp-content\/uploads\/2020\/01\/Nova3-300x171.jpg 300w, https:\/\/www.fh-technik.ch\/wp-content\/uploads\/2020\/01\/Nova3-768x439.jpg 768w, https:\/\/www.fh-technik.ch\/wp-content\/uploads\/2020\/01\/Nova3.jpg 1436w\" sizes=\"auto, (max-width: 706px) 89vw, (max-width: 767px) 82vw, 740px\" \/><\/figure><\/li><li class=\"blocks-gallery-item\"><figure><img loading=\"lazy\" decoding=\"async\" width=\"1024\" height=\"611\" src=\"http:\/\/www.fh-technik.ch\/wp-content\/uploads\/2020\/01\/Nova2-1024x611.jpg\" alt=\"\" data-id=\"897\" data-full-url=\"http:\/\/www.fh-technik.ch\/wp-content\/uploads\/2020\/01\/Nova2.jpg\" data-link=\"http:\/\/www.fh-technik.ch\/?attachment_id=897\" class=\"wp-image-897\" srcset=\"https:\/\/www.fh-technik.ch\/wp-content\/uploads\/2020\/01\/Nova2-1024x611.jpg 1024w, https:\/\/www.fh-technik.ch\/wp-content\/uploads\/2020\/01\/Nova2-300x179.jpg 300w, https:\/\/www.fh-technik.ch\/wp-content\/uploads\/2020\/01\/Nova2-768x459.jpg 768w, https:\/\/www.fh-technik.ch\/wp-content\/uploads\/2020\/01\/Nova2-1536x917.jpg 1536w, https:\/\/www.fh-technik.ch\/wp-content\/uploads\/2020\/01\/Nova2.jpg 1611w\" sizes=\"auto, (max-width: 706px) 89vw, (max-width: 767px) 82vw, 740px\" \/><\/figure><\/li><\/ul><\/figure>\n\n\n\n<h1 class=\"wp-block-heading\"><a href=\"http:\/\/www.cadwiesel.de\/\" target=\"_blank\" rel=\"noreferrer noopener\" aria-label=\"AutoCad Tool (\u00f6ffnet in neuem Tab)\">AutoCad Tool<\/a><\/h1>\n\n\n\n<figure class=\"wp-block-image size-medium is-resized\"><img decoding=\"async\" src=\"http:\/\/www.fh-technik.ch\/wp-content\/uploads\/2016\/03\/CADWiesel-300x82.png\" alt=\"\" class=\"wp-image-292\" width=\"150\" srcset=\"https:\/\/www.fh-technik.ch\/wp-content\/uploads\/2016\/03\/CADWiesel-300x82.png 300w, https:\/\/www.fh-technik.ch\/wp-content\/uploads\/2016\/03\/CADWiesel-768x211.png 768w, https:\/\/www.fh-technik.ch\/wp-content\/uploads\/2016\/03\/CADWiesel.png 826w\" sizes=\"(max-width: 300px) 100vw, 300px\" \/><\/figure>\n\n\n\n<p>Freeware und f\u00fcr Autocad sehr n\u00fctzlich.<\/p>\n\n\n\n<h1 class=\"wp-block-heading\"><a href=\"https:\/\/www.bbzh.ch\/\" target=\"_blank\" rel=\"noreferrer noopener\" aria-label=\"Baugewerbliche Berufsschule Z\u00fcrich (\u00f6ffnet in neuem Tab)\">Baugewerbliche Berufsschule Z\u00fcrich<\/a><\/h1>\n\n\n\n<p>Berufsschule, NDS und weitere Kurse<\/p>\n\n\n\n<figure class=\"wp-block-image size-medium is-resized\"><img decoding=\"async\" src=\"http:\/\/www.fh-technik.ch\/wp-content\/uploads\/2016\/01\/BBZ-Logo-300x65.png\" alt=\"\" class=\"wp-image-294\" width=\"150\" srcset=\"https:\/\/www.fh-technik.ch\/wp-content\/uploads\/2016\/01\/BBZ-Logo-300x65.png 300w, https:\/\/www.fh-technik.ch\/wp-content\/uploads\/2016\/01\/BBZ-Logo.png 353w\" sizes=\"(max-width: 300px) 100vw, 300px\" \/><\/figure>\n\n\n\n<p><\/p>\n","protected":false},"excerpt":{"rendered":"<p>Brandschutzvorschriften Aktuelle VKF Branschutznormen. Wir bieten auch Brandschutzplanung f\u00fcr die QSS2 Stufe an. Trimble-Nova-CAD 3D Zeichnungs-Software f\u00fcr die Haustechnikplanung AutoCad Tool Freeware und f\u00fcr Autocad sehr n\u00fctzlich. Baugewerbliche Berufsschule Z\u00fcrich Berufsschule, NDS und weitere Kurse<\/p>\n","protected":false},"author":1,"featured_media":0,"parent":0,"menu_order":6,"comment_status":"closed","ping_status":"closed","template":"","meta":{"_monsterinsights_skip_tracking":false,"_monsterinsights_sitenote_active":false,"_monsterinsights_sitenote_note":"","_monsterinsights_sitenote_category":0,"footnotes":""},"class_list":["post-887","page","type-page","status-publish","hentry"],"_links":{"self":[{"href":"https:\/\/www.fh-technik.ch\/index.php?rest_route=\/wp\/v2\/pages\/887","targetHints":{"allow":["GET"]}}],"collection":[{"href":"https:\/\/www.fh-technik.ch\/index.php?rest_route=\/wp\/v2\/pages"}],"about":[{"href":"https:\/\/www.fh-technik.ch\/index.php?rest_route=\/wp\/v2\/types\/page"}],"author":[{"embeddable":true,"href":"https:\/\/www.fh-technik.ch\/index.php?rest_route=\/wp\/v2\/users\/1"}],"replies":[{"embeddable":true,"href":"https:\/\/www.fh-technik.ch\/index.php?rest_route=%2Fwp%2Fv2%2Fcomments&post=887"}],"version-history":[{"count":0,"href":"https:\/\/www.fh-technik.ch\/index.php?rest_route=\/wp\/v2\/pages\/887\/revisions"}],"wp:attachment":[{"href":"https:\/\/www.fh-technik.ch\/index.php?rest_route=%2Fwp%2Fv2%2Fmedia&parent=887"}],"curies":[{"name":"wp","href":"https:\/\/api.w.org\/{rel}","templated":true}]}}