{"id":184,"date":"2016-01-03T16:32:30","date_gmt":"2016-01-03T15:32:30","guid":{"rendered":"http:\/\/www.fh-technik.ch\/?page_id=184"},"modified":"2023-03-12T13:38:07","modified_gmt":"2023-03-12T12:38:07","slug":"portraid-2","status":"publish","type":"page","link":"https:\/\/www.fh-technik.ch\/?page_id=184","title":{"rendered":"Portrait"},"content":{"rendered":"\n<figure class=\"wp-block-image size-large\"><img loading=\"lazy\" decoding=\"async\" width=\"300\" height=\"375\" src=\"http:\/\/www.fh-technik.ch\/wp-content\/uploads\/2018\/04\/MAD_7b.jpg\" alt=\"\" class=\"wp-image-612\" srcset=\"https:\/\/www.fh-technik.ch\/wp-content\/uploads\/2018\/04\/MAD_7b.jpg 300w, https:\/\/www.fh-technik.ch\/wp-content\/uploads\/2018\/04\/MAD_7b-240x300.jpg 240w\" sizes=\"auto, (max-width: 300px) 100vw, 300px\" \/><\/figure>\n\n\n\n<h1 class=\"wp-block-heading\"> Markus Frei <\/h1>\n\n\n\n<h2 class=\"wp-block-heading\"> Berufliche T\u00e4tigkeiten und Meilensteine <br><br><br><\/h2>\n\n\n\n<h1 class=\"wp-block-heading\">Brandschutzfachmann Swiss Safety Center<br>CFPA Europe; <\/h1>\n\n\n\n<h2 class=\"wp-block-heading\">(2019)<\/h2>\n\n\n\n<p>Eine brandneue Info:<br>Die Schulung ist abgeschlossen und die Pr\u00fcfung erfolgreich absolviert. Falls Sie Bedarf an einem Brandschutzplaner QSS 2 haben, stehe ich gerne zur Verf\u00fcgung.<\/p>\n\n\n\n<div class=\"wp-block-columns is-layout-flex wp-container-core-columns-is-layout-9d6595d7 wp-block-columns-is-layout-flex\">\n<div class=\"wp-block-column is-layout-flow wp-block-column-is-layout-flow\" style=\"flex-basis:100%\">\n<div class=\"wp-block-columns is-layout-flex wp-container-core-columns-is-layout-9d6595d7 wp-block-columns-is-layout-flex\">\n<div class=\"wp-block-column is-layout-flow wp-block-column-is-layout-flow\">\n<figure class=\"wp-block-gallery has-nested-images columns-default is-cropped wp-block-gallery-1 is-layout-flex wp-block-gallery-is-layout-flex\">\n<figure class=\"wp-block-image size-large\"><a href=\"https:\/\/www.fh-technik.ch\/wp-content\/uploads\/2020\/01\/Zertifikat-Swiss-Safety-Center-Rahmen.jpg\"><img loading=\"lazy\" decoding=\"async\" width=\"722\" height=\"1024\" data-id=\"906\" src=\"https:\/\/www.fh-technik.ch\/wp-content\/uploads\/2020\/01\/Zertifikat-Swiss-Safety-Center-Rahmen-722x1024.jpg\" alt=\"\" class=\"wp-image-906\" srcset=\"https:\/\/www.fh-technik.ch\/wp-content\/uploads\/2020\/01\/Zertifikat-Swiss-Safety-Center-Rahmen-722x1024.jpg 722w, https:\/\/www.fh-technik.ch\/wp-content\/uploads\/2020\/01\/Zertifikat-Swiss-Safety-Center-Rahmen-212x300.jpg 212w, https:\/\/www.fh-technik.ch\/wp-content\/uploads\/2020\/01\/Zertifikat-Swiss-Safety-Center-Rahmen-768x1089.jpg 768w, https:\/\/www.fh-technik.ch\/wp-content\/uploads\/2020\/01\/Zertifikat-Swiss-Safety-Center-Rahmen-1083x1536.jpg 1083w, https:\/\/www.fh-technik.ch\/wp-content\/uploads\/2020\/01\/Zertifikat-Swiss-Safety-Center-Rahmen.jpg 1340w\" sizes=\"auto, (max-width: 722px) 100vw, 722px\" \/><\/a><\/figure>\n<\/figure>\n<\/div>\n\n\n\n<div class=\"wp-block-column is-layout-flow wp-block-column-is-layout-flow\"><div class=\"wp-block-image\">\n<figure class=\"aligncenter size-large\"><a href=\"https:\/\/www.fh-technik.ch\/wp-content\/uploads\/2020\/01\/Zertifikat-CFPA_Europe-Rahmen-scaled.jpg\"><img loading=\"lazy\" decoding=\"async\" width=\"1024\" height=\"720\" src=\"https:\/\/www.fh-technik.ch\/wp-content\/uploads\/2020\/01\/Zertifikat-CFPA_Europe-Rahmen-1024x720.jpg\" alt=\"\" class=\"wp-image-907\" srcset=\"https:\/\/www.fh-technik.ch\/wp-content\/uploads\/2020\/01\/Zertifikat-CFPA_Europe-Rahmen-1024x720.jpg 1024w, https:\/\/www.fh-technik.ch\/wp-content\/uploads\/2020\/01\/Zertifikat-CFPA_Europe-Rahmen-300x211.jpg 300w, https:\/\/www.fh-technik.ch\/wp-content\/uploads\/2020\/01\/Zertifikat-CFPA_Europe-Rahmen-768x540.jpg 768w, https:\/\/www.fh-technik.ch\/wp-content\/uploads\/2020\/01\/Zertifikat-CFPA_Europe-Rahmen-1536x1080.jpg 1536w, https:\/\/www.fh-technik.ch\/wp-content\/uploads\/2020\/01\/Zertifikat-CFPA_Europe-Rahmen-2048x1440.jpg 2048w\" sizes=\"auto, (max-width: 706px) 89vw, (max-width: 767px) 82vw, 740px\" \/><\/a><\/figure>\n<\/div>\n\n\n<figure class=\"wp-block-image size-full\"><a href=\"https:\/\/www.fh-technik.ch\/wp-content\/uploads\/2020\/01\/VKF.png\"><img loading=\"lazy\" decoding=\"async\" width=\"627\" height=\"271\" src=\"https:\/\/www.fh-technik.ch\/wp-content\/uploads\/2020\/01\/VKF.png\" alt=\"\" class=\"wp-image-914\" srcset=\"https:\/\/www.fh-technik.ch\/wp-content\/uploads\/2020\/01\/VKF.png 627w, https:\/\/www.fh-technik.ch\/wp-content\/uploads\/2020\/01\/VKF-300x130.png 300w\" sizes=\"auto, (max-width: 627px) 100vw, 627px\" \/><\/a><\/figure>\n<\/div>\n<\/div>\n<\/div>\n<\/div>\n\n\n\n<h1 class=\"wp-block-heading\">Dipl. Energieplaner NDS;<\/h1>\n\n\n\n<h2 class=\"wp-block-heading\">(2012\/13)<\/h2>\n\n\n\n<p>Nach 15 Monaten Schulung mit 8 Modulen, konnte ich erfolgreich die Diplomarbeit abschliessen.<\/p>\n\n\n<div class=\"wp-block-image\">\n<figure class=\"alignleft size-medium\"><img loading=\"lazy\" decoding=\"async\" width=\"211\" height=\"300\" src=\"http:\/\/www.fh-technik.ch\/wp-content\/uploads\/2020\/01\/Diplom_Rahmen-211x300.jpg\" alt=\"\" class=\"wp-image-978\" srcset=\"https:\/\/www.fh-technik.ch\/wp-content\/uploads\/2020\/01\/Diplom_Rahmen-211x300.jpg 211w, https:\/\/www.fh-technik.ch\/wp-content\/uploads\/2020\/01\/Diplom_Rahmen-719x1024.jpg 719w, https:\/\/www.fh-technik.ch\/wp-content\/uploads\/2020\/01\/Diplom_Rahmen-768x1093.jpg 768w, https:\/\/www.fh-technik.ch\/wp-content\/uploads\/2020\/01\/Diplom_Rahmen.jpg 1017w\" sizes=\"auto, (max-width: 211px) 100vw, 211px\" \/><\/figure>\n<\/div>\n\n\n<h2 class=\"wp-block-heading\">&nbsp;<\/h2>\n\n\n\n<h2 class=\"wp-block-heading\">&nbsp;<\/h2>\n\n\n\n<h1 class=\"wp-block-heading\">Systemwechsel auf;<br>Plancal Nova\/Trimble MEP<\/h1>\n\n\n\n<h2 class=\"wp-block-heading\">(seit 2011)<\/h2>\n\n\n\n<p>Das 3D Zeitalter hat uns&nbsp;erreicht. Der Wechsel auf das NOVA-CAD ist erfolgreich abgeschlossen.<\/p>\n\n\n\n<h1 class=\"wp-block-heading\">Pr\u00fcfungs-Experte;<\/h1>\n\n\n\n<h2 class=\"wp-block-heading\">(1998 bis 2018)<\/h2>\n\n\n\n<p>Das Qualifikationsverfahren &#8222;Haustechnikplaner; Fachrichtung L\u00fcftung&#8220;&nbsp;wird angepasst. Den Kurs habe ich absolviert. Somit werde ich wohl diesen Job noch einmal ein paar Jahre machen.<\/p>\n\n\n\n<h1 class=\"wp-block-heading\">FH-Technik Ing. GmbH<\/h1>\n\n\n\n<h2 class=\"wp-block-heading\">(seit 1.1.2004)<\/h2>\n\n\n\n<p>Gesch\u00e4ftsleitung \/ Inhaber<\/p>\n\n\n\n<h6 class=\"wp-block-heading\">&nbsp;<\/h6>\n\n\n\n<h1 class=\"wp-block-heading\">Robert Aerni Ingenieur AG<\/h1>\n\n\n\n<h2 class=\"wp-block-heading\">(1999 bis 2003)<\/h2>\n\n\n\n<p>Projektleiter\/Sachbearbeiter L\u00fcftung<br>Spezielles:<br>Planung und Ausf\u00fchrung von L\u00fcftungs- und Klimaanlagen<br>Mitglied der IT-Gruppe innerhalb der Firma<\/p>\n\n\n\n<h1 class=\"wp-block-heading\">Steger AG, Winterthur<\/h1>\n\n\n\n<h2 class=\"wp-block-heading\">(1997 bis 1999)<\/h2>\n\n\n\n<p>Leiter B\u00fcro L\u00fcftung Winterthur\/<br>Projektleiter\/Sachbearbeiter L\u00fcftung<br>Spezielles:<br>Konzeptplanungen H\/L\/K<br>Planung und Ausf\u00fchrung von L\u00fcftungs- und Klimaanlagen<br>Erstellen der firmeneigenen Homepage<br>Absolvieren des Lehrmeisterkurses<br>Mitglied der Pr\u00fcfungskommission f\u00fcr die Lehrabschlusspr\u00fcfung (LAP)<\/p>\n\n\n\n<h1 class=\"wp-block-heading\">Meier &amp; Wirz AG, Winterthur<\/h1>\n\n\n\n<h2 class=\"wp-block-heading\">(1994 bis 1997)<\/h2>\n\n\n\n<p>Projektleiter\/Sachbearbeiter L\u00fcftung<br>Spezielles:<br>Koordination der Haustechnik<br>Planung von kleineren Heizungs- und K\u00e4lteanlagen<br>Betreuung der EDV-Anlage<br>Aneignung von CAD- Kenntnissen<\/p>\n\n\n\n<h1 class=\"wp-block-heading\">Ing. B\u00fcro O. Jenni, Winterthur<\/h1>\n\n\n\n<h2 class=\"wp-block-heading\">(1993 bis 1994)<\/h2>\n\n\n\n<p>Projektleiter\/Sachbearbeiter L\u00fcftung<\/p>\n\n\n\n<h1 class=\"wp-block-heading\">Aria Technik + Installationen AG, Zug<\/h1>\n\n\n\n<h2 class=\"wp-block-heading\">(1990 bis 1993)<\/h2>\n\n\n\n<p>Projektleiter\/Sachbearbeiter L\u00fcftung<br>Spezielles:<br>Projektleitung von Grossanlagen<br>Planung von Ingenieurarbeiten<br>Lehrlingsbetreuung<\/p>\n\n\n\n<h1 class=\"wp-block-heading\">Sulzer Infra, Fil. Aarau<\/h1>\n\n\n\n<h2 class=\"wp-block-heading\">(1988 bis 1990)<\/h2>\n\n\n\n<p>Auftragsleiter L\u00fcftung<\/p>\n\n\n\n<h1 class=\"wp-block-heading\">Sulzer TZB, Winterthur<\/h1>\n\n\n\n<h2 class=\"wp-block-heading\">(1984 bis 1988)<\/h2>\n\n\n\n<p>Anstellung:<br>Lehrling<\/p>\n","protected":false},"excerpt":{"rendered":"<p>Markus Frei Berufliche T\u00e4tigkeiten und Meilensteine Brandschutzfachmann Swiss Safety CenterCFPA Europe; (2019) Eine brandneue Info:Die Schulung ist abgeschlossen und die Pr\u00fcfung erfolgreich absolviert. Falls Sie Bedarf an einem Brandschutzplaner QSS 2 haben, stehe ich gerne zur Verf\u00fcgung. Dipl. Energieplaner NDS; (2012\/13) Nach 15 Monaten Schulung mit 8 Modulen, konnte ich erfolgreich die Diplomarbeit abschliessen. &nbsp; &hellip; <\/p>\n<p class=\"link-more\"><a href=\"https:\/\/www.fh-technik.ch\/?page_id=184\" class=\"more-link\"><span class=\"screen-reader-text\">\u201ePortrait\u201c <\/span>weiterlesen<\/a><\/p>\n","protected":false},"author":1,"featured_media":0,"parent":0,"menu_order":4,"comment_status":"closed","ping_status":"closed","template":"","meta":{"_monsterinsights_skip_tracking":false,"_monsterinsights_sitenote_active":false,"_monsterinsights_sitenote_note":"","_monsterinsights_sitenote_category":0,"footnotes":""},"class_list":["post-184","page","type-page","status-publish","hentry"],"_links":{"self":[{"href":"https:\/\/www.fh-technik.ch\/index.php?rest_route=\/wp\/v2\/pages\/184","targetHints":{"allow":["GET"]}}],"collection":[{"href":"https:\/\/www.fh-technik.ch\/index.php?rest_route=\/wp\/v2\/pages"}],"about":[{"href":"https:\/\/www.fh-technik.ch\/index.php?rest_route=\/wp\/v2\/types\/page"}],"author":[{"embeddable":true,"href":"https:\/\/www.fh-technik.ch\/index.php?rest_route=\/wp\/v2\/users\/1"}],"replies":[{"embeddable":true,"href":"https:\/\/www.fh-technik.ch\/index.php?rest_route=%2Fwp%2Fv2%2Fcomments&post=184"}],"version-history":[{"count":0,"href":"https:\/\/www.fh-technik.ch\/index.php?rest_route=\/wp\/v2\/pages\/184\/revisions"}],"wp:attachment":[{"href":"https:\/\/www.fh-technik.ch\/index.php?rest_route=%2Fwp%2Fv2%2Fmedia&parent=184"}],"curies":[{"name":"wp","href":"https:\/\/api.w.org\/{rel}","templated":true}]}}